{"id":3217,"date":"2024-05-09T15:51:54","date_gmt":"2024-05-09T15:51:54","guid":{"rendered":"https:\/\/resinum.eu\/?post_type=product&#038;p=3217"},"modified":"2024-05-16T23:31:36","modified_gmt":"2024-05-16T23:31:36","slug":"jacquard-pigment-pearl-ex-637-dark-brown-pigment-perlowy","status":"publish","type":"product","link":"https:\/\/resinum.eu\/pl\/shop\/barwniki-i-pigmenty\/pigmenty-metaliczne-i-perlowe\/jacquard-pigment-pearl-ex-637-dark-brown-pigment-perlowy\/","title":{"rendered":"Jacquard Pigment Pearl Ex &#8211; 637 Dark Brown pigment per\u0142owy"},"content":{"rendered":"<p>Rodzina pigment\u00f3w per\u0142owych <strong>Jacquard Pearl Ex<\/strong> wykonana zosta\u0142a z sproszkowanej miki &#8211; <strong>s\u0105 bezpieczne i nietoksyczne<\/strong>. Charakteryzuj\u0105 si\u0119 doskona\u0142\u0105 \u015bwiat\u0142oodporno\u015bci\u0105, stabilno\u015bci\u0105 \u00a0i trwa\u0142o\u015bci\u0105 barw.<\/p>\n<p>Doskona\u0142ej jako\u015bci pigmenty per\u0142owe Pearl Ex nadaj\u0105 ka\u017cdej powierzchni <strong>pi\u0119kny metaliczny lub per\u0142owy efekt<\/strong>.<br \/>\nPigmenty te mog\u0105 by\u0107 u\u017cyte z ka\u017cdym medium malarskim &#8211; mo\u017cna je u\u017cywa\u0107 z \u017cywicami, farbami akrylowymi, farbami olejnymi, drukarskimi, \u00a0dodawa\u0107 do tuszu, tuszy alkoholowych, kleju, gliny, werniksu oraz miesza\u0107 z innymi no\u015bnikami.<\/p>\n<p>Pigmenty zbudowane s\u0105 z r\u00f3\u017cnej wielko\u015bci cz\u0105stek dzi\u0119ki, kt\u00f3rym uzyskujemy r\u00f3\u017cne efekty &#8211;\u00a0 g\u0142adkich transparentnych per\u0142owych po\u0142ysk\u00f3w a\u017c do kryj\u0105cych powierzchni z metalicznym \u00a0po\u0142yskiem.<\/p>\n<p>Mo\u017cesz nawet <strong>uzyska\u0107 per\u0142owe atramenty<\/strong>! Zmieszaj pigment Pearl Ex z gum\u0105 arabsk\u0105 w proszku i wod\u0105, a otrzymasz metaliczny tusz do kaligrafii!<\/p>\n<p><iframe loading=\"lazy\" title=\"Epoxy Resin Artwork with the 5 NEW Pearl Ex Colors\" src=\"https:\/\/player.vimeo.com\/video\/431939926?dnt=1&amp;app_id=122963\" width=\"1220\" height=\"686\" frameborder=\"0\" allow=\"autoplay; fullscreen; picture-in-picture; clipboard-write\"><\/iframe><\/p>\n<div><div class=\"content_video iframe auto-wh\"><iframe style=\"\" class=\"scale-with-grid mcb-video\" src=\"https:\/\/www.youtube.com\/embed\/7EmEmd7daGs?wmode=opaque&amp;rel=0&amp;enablejsapi=1\" allowfullscreen><\/iframe>\n<\/div>\n<\/div>\n<div><hr class=\"\" style=\"margin:0 auto 30px;\"\/>\n<\/div>\n<p>Nale\u017cy pami\u0119ta\u0107, \u017ce niekt\u00f3re kolory mog\u0105 r\u00f3\u017cni\u0107 si\u0119 wag\u0105 w zale\u017cno\u015bci od pigmentu &#8211; 21gr lub 14gr w butelce.<\/p>\n<p>Ich <strong>odporno\u015b\u0107 na temperatur\u0119 pozwala na wypalanie w piecu do (316\u00b0C)<\/strong>. Mog\u0105 by\u0107 r\u00f3wnie\u017c u\u017cywane na sucho, a nast\u0119pnie zamykane. Do u\u017cytku we wn\u0119trzach, na zewn\u0105trz<\/p>\n<p><strong>UWAGA: Pigmenty Pearl Ex nie s\u0105 przeznaczone do u\u017cytku kosmetycznego. Zosta\u0142y zaprojektowane jako produkt do u\u017cytku artystycznego.<\/strong><\/p>\n<p>Od ponad 30 lat firma Jacquard Products dostarcza \u015bwietnej jako\u015bci produkty dla profesjonalnych artyst\u00f3w i rzemie\u015blnik\u00f3w, a tak\u017ce hobbyst\u00f3w. Wszystkie produkty marki Jacquard s\u0105 produkowane w Stanach Zjednoczonych (Kalifornia).<\/p>\n<p>&nbsp;<\/p>\n<h5>Pliki do pobrania<\/h5>\n<a class=\"button  button_left button_size_2\" href=\"https:\/\/resinum.eu\/wp-content\/uploads\/2024\/05\/Pearl-Ex-Color-Chart-TBBT.pdf\"     style=\"background-color:#f7f7f7!important;color:#000000;\" target=\"_blank\"    title=\"\"><span class=\"button_icon\"><i class=\"icon-acrobat\"  style=\"color:#000000!important;\" aria-hidden=\"true\"><\/i><\/span><span class=\"button_label\"><strong>Tablica kolor\u00f3w pigment\u00f3w Pearl Ex<\/strong><\/span><\/a>\n\n<p>&nbsp;<\/p>\n<a class=\"button  button_left button_size_2\" href=\"https:\/\/resinum.eu\/wp-content\/uploads\/2024\/05\/Pearl-Ex-Powdered-Pigments-GHS-SDS-CT.pdf\"     style=\"background-color:#f7f7f7!important;color:#000000;\" target=\"_blank\"    title=\"\"><span class=\"button_icon\"><i class=\"icon-acrobat\"  style=\"color:#000000!important;\" aria-hidden=\"true\"><\/i><\/span><span class=\"button_label\"><strong>Karta techniczna MSDS<\/strong><\/span><\/a>\n\n<p>&nbsp;<\/p>\n<p>&nbsp;<\/p>\n\n\t\t\t<style type='text\/css'>\n\t\t\t\t#sc_gallery-1 {\n\t\t\t\t\tmargin: auto;\n\t\t\t\t}\n\t\t\t\t#sc_gallery-1 .gallery-item {\n\t\t\t\t\tfloat: left;\n\t\t\t\t\ttext-align: center;\n\t\t\t\t\twidth: 19.99%;\n\t\t\t\t}\n\t\t\t\t#sc_gallery-1 img {\n\t\t\t\t\tborder: 2px solid #cfcfcf;\n\t\t\t\t}\n\t\t\t\t\/* see sc_gallery() in functions\/theme-shortcodes.php *\/\n\t\t\t<\/style>\n\t\t<div id='sc_gallery-1' class='gallery galleryid-3217 gallery-columns-5 gallery-size-thumbnail file element_classes masonry'><dl class='gallery-item'  data-title='px-on-wax' data-description=''><div class='gallery-item-wrapper'>\n\t\t\t\t<dt class='gallery-icon landscape'>\n\t\t\t\t\t<a href='https:\/\/resinum.eu\/wp-content\/uploads\/2024\/05\/px-on-wax.jpg'><img loading=\"lazy\" decoding=\"async\" width=\"300\" height=\"244\" src=\"https:\/\/resinum.eu\/wp-content\/uploads\/2024\/05\/px-on-wax-300x244.jpg\" class=\"attachment-thumbnail size-thumbnail\" alt=\"\" srcset=\"https:\/\/resinum.eu\/wp-content\/uploads\/2024\/05\/px-on-wax-300x244.jpg 300w, https:\/\/resinum.eu\/wp-content\/uploads\/2024\/05\/px-on-wax-500x406.jpg 500w, https:\/\/resinum.eu\/wp-content\/uploads\/2024\/05\/px-on-wax-768x623.jpg 768w, https:\/\/resinum.eu\/wp-content\/uploads\/2024\/05\/px-on-wax-92x75.jpg 92w, https:\/\/resinum.eu\/wp-content\/uploads\/2024\/05\/px-on-wax-480x390.jpg 480w, https:\/\/resinum.eu\/wp-content\/uploads\/2024\/05\/px-on-wax-800x649.jpg 800w, https:\/\/resinum.eu\/wp-content\/uploads\/2024\/05\/px-on-wax.jpg 1025w\" sizes=\"auto, (max-width:767px) 300px, 300px\" \/><\/a>\n\t\t\t\t<\/dt><\/div><\/dl><dl class='gallery-item'  data-title='PX-new-colors-x5-stack-w-callig-pen_web' data-description=''><div class='gallery-item-wrapper'>\n\t\t\t\t<dt class='gallery-icon landscape'>\n\t\t\t\t\t<a href='https:\/\/resinum.eu\/wp-content\/uploads\/2024\/05\/PX-new-colors-x5-stack-w-callig-pen_web.jpg'><img loading=\"lazy\" decoding=\"async\" width=\"300\" height=\"300\" src=\"https:\/\/resinum.eu\/wp-content\/uploads\/2024\/05\/PX-new-colors-x5-stack-w-callig-pen_web-300x300.jpg\" class=\"attachment-thumbnail size-thumbnail\" alt=\"\" srcset=\"https:\/\/resinum.eu\/wp-content\/uploads\/2024\/05\/PX-new-colors-x5-stack-w-callig-pen_web-300x300.jpg 300w, https:\/\/resinum.eu\/wp-content\/uploads\/2024\/05\/PX-new-colors-x5-stack-w-callig-pen_web-500x500.jpg 500w, https:\/\/resinum.eu\/wp-content\/uploads\/2024\/05\/PX-new-colors-x5-stack-w-callig-pen_web-768x766.jpg 768w, https:\/\/resinum.eu\/wp-content\/uploads\/2024\/05\/PX-new-colors-x5-stack-w-callig-pen_web-150x150.jpg 150w, https:\/\/resinum.eu\/wp-content\/uploads\/2024\/05\/PX-new-colors-x5-stack-w-callig-pen_web-75x75.jpg 75w, https:\/\/resinum.eu\/wp-content\/uploads\/2024\/05\/PX-new-colors-x5-stack-w-callig-pen_web-480x479.jpg 480w, https:\/\/resinum.eu\/wp-content\/uploads\/2024\/05\/PX-new-colors-x5-stack-w-callig-pen_web-800x798.jpg 800w, https:\/\/resinum.eu\/wp-content\/uploads\/2024\/05\/PX-new-colors-x5-stack-w-callig-pen_web.jpg 1000w\" sizes=\"auto, (max-width:767px) 300px, 300px\" \/><\/a>\n\t\t\t\t<\/dt><\/div><\/dl><dl class='gallery-item'  data-title='Resin and Pearl Ex tumbler by Cindy Hendrix' data-description=''><div class='gallery-item-wrapper'>\n\t\t\t\t<dt class='gallery-icon landscape'>\n\t\t\t\t\t<a href='https:\/\/resinum.eu\/wp-content\/uploads\/2024\/05\/Resin-and-Pearl-Ex-tumbler-by-Cindy-Hendrix.jpg'><img loading=\"lazy\" decoding=\"async\" width=\"300\" height=\"279\" src=\"https:\/\/resinum.eu\/wp-content\/uploads\/2024\/05\/Resin-and-Pearl-Ex-tumbler-by-Cindy-Hendrix-300x279.jpg\" class=\"attachment-thumbnail size-thumbnail\" alt=\"\" srcset=\"https:\/\/resinum.eu\/wp-content\/uploads\/2024\/05\/Resin-and-Pearl-Ex-tumbler-by-Cindy-Hendrix-300x279.jpg 300w, https:\/\/resinum.eu\/wp-content\/uploads\/2024\/05\/Resin-and-Pearl-Ex-tumbler-by-Cindy-Hendrix-500x465.jpg 500w, https:\/\/resinum.eu\/wp-content\/uploads\/2024\/05\/Resin-and-Pearl-Ex-tumbler-by-Cindy-Hendrix-768x714.jpg 768w, https:\/\/resinum.eu\/wp-content\/uploads\/2024\/05\/Resin-and-Pearl-Ex-tumbler-by-Cindy-Hendrix-81x75.jpg 81w, https:\/\/resinum.eu\/wp-content\/uploads\/2024\/05\/Resin-and-Pearl-Ex-tumbler-by-Cindy-Hendrix-480x446.jpg 480w, https:\/\/resinum.eu\/wp-content\/uploads\/2024\/05\/Resin-and-Pearl-Ex-tumbler-by-Cindy-Hendrix-800x744.jpg 800w, https:\/\/resinum.eu\/wp-content\/uploads\/2024\/05\/Resin-and-Pearl-Ex-tumbler-by-Cindy-Hendrix.jpg 882w\" sizes=\"auto, (max-width:767px) 300px, 300px\" \/><\/a>\n\t\t\t\t<\/dt><\/div><\/dl><dl class='gallery-item'  data-title='Geometric clay earrings with Pearl Ex by syndee holt' data-description=''><div class='gallery-item-wrapper'>\n\t\t\t\t<dt class='gallery-icon landscape'>\n\t\t\t\t\t<a href='https:\/\/resinum.eu\/wp-content\/uploads\/2024\/05\/Geometric-clay-earrings-with-Pearl-Ex-by-syndee-holt.jpg'><img loading=\"lazy\" decoding=\"async\" width=\"300\" height=\"246\" src=\"https:\/\/resinum.eu\/wp-content\/uploads\/2024\/05\/Geometric-clay-earrings-with-Pearl-Ex-by-syndee-holt-300x246.jpg\" class=\"attachment-thumbnail size-thumbnail\" alt=\"\" srcset=\"https:\/\/resinum.eu\/wp-content\/uploads\/2024\/05\/Geometric-clay-earrings-with-Pearl-Ex-by-syndee-holt-300x246.jpg 300w, https:\/\/resinum.eu\/wp-content\/uploads\/2024\/05\/Geometric-clay-earrings-with-Pearl-Ex-by-syndee-holt-500x410.jpg 500w, https:\/\/resinum.eu\/wp-content\/uploads\/2024\/05\/Geometric-clay-earrings-with-Pearl-Ex-by-syndee-holt-768x630.jpg 768w, https:\/\/resinum.eu\/wp-content\/uploads\/2024\/05\/Geometric-clay-earrings-with-Pearl-Ex-by-syndee-holt-91x75.jpg 91w, https:\/\/resinum.eu\/wp-content\/uploads\/2024\/05\/Geometric-clay-earrings-with-Pearl-Ex-by-syndee-holt-480x394.jpg 480w, https:\/\/resinum.eu\/wp-content\/uploads\/2024\/05\/Geometric-clay-earrings-with-Pearl-Ex-by-syndee-holt-800x656.jpg 800w, https:\/\/resinum.eu\/wp-content\/uploads\/2024\/05\/Geometric-clay-earrings-with-Pearl-Ex-by-syndee-holt.jpg 1011w\" sizes=\"auto, (max-width:767px) 300px, 300px\" \/><\/a>\n\t\t\t\t<\/dt><\/div><\/dl><dl class='gallery-item'  data-title='px-ornaments' data-description=''><div class='gallery-item-wrapper'>\n\t\t\t\t<dt class='gallery-icon portrait'>\n\t\t\t\t\t<a href='https:\/\/resinum.eu\/wp-content\/uploads\/2024\/05\/px-ornaments.jpg'><img loading=\"lazy\" decoding=\"async\" width=\"293\" height=\"300\" src=\"https:\/\/resinum.eu\/wp-content\/uploads\/2024\/05\/px-ornaments-293x300.jpg\" class=\"attachment-thumbnail size-thumbnail\" alt=\"\" srcset=\"https:\/\/resinum.eu\/wp-content\/uploads\/2024\/05\/px-ornaments-293x300.jpg 293w, https:\/\/resinum.eu\/wp-content\/uploads\/2024\/05\/px-ornaments-488x500.jpg 488w, https:\/\/resinum.eu\/wp-content\/uploads\/2024\/05\/px-ornaments-768x787.jpg 768w, https:\/\/resinum.eu\/wp-content\/uploads\/2024\/05\/px-ornaments-73x75.jpg 73w, https:\/\/resinum.eu\/wp-content\/uploads\/2024\/05\/px-ornaments-480x492.jpg 480w, https:\/\/resinum.eu\/wp-content\/uploads\/2024\/05\/px-ornaments-800x820.jpg 800w, https:\/\/resinum.eu\/wp-content\/uploads\/2024\/05\/px-ornaments.jpg 1000w\" sizes=\"auto, (max-width:767px) 293px, 293px\" \/><\/a>\n\t\t\t\t<\/dt><\/div><\/dl><br style=\"clear: both\" \/><dl class='gallery-item'  data-title='PearlEx-kategoria' data-description=''><div class='gallery-item-wrapper'>\n\t\t\t\t<dt class='gallery-icon landscape'>\n\t\t\t\t\t<a href='https:\/\/resinum.eu\/wp-content\/uploads\/2024\/05\/PearlEx-kategoria.jpg'><img loading=\"lazy\" decoding=\"async\" width=\"300\" height=\"291\" src=\"https:\/\/resinum.eu\/wp-content\/uploads\/2024\/05\/PearlEx-kategoria-300x291.jpg\" class=\"attachment-thumbnail size-thumbnail\" alt=\"\" srcset=\"https:\/\/resinum.eu\/wp-content\/uploads\/2024\/05\/PearlEx-kategoria-300x291.jpg 300w, https:\/\/resinum.eu\/wp-content\/uploads\/2024\/05\/PearlEx-kategoria-500x486.jpg 500w, https:\/\/resinum.eu\/wp-content\/uploads\/2024\/05\/PearlEx-kategoria-768x746.jpg 768w, https:\/\/resinum.eu\/wp-content\/uploads\/2024\/05\/PearlEx-kategoria-77x75.jpg 77w, https:\/\/resinum.eu\/wp-content\/uploads\/2024\/05\/PearlEx-kategoria-480x466.jpg 480w, https:\/\/resinum.eu\/wp-content\/uploads\/2024\/05\/PearlEx-kategoria-800x777.jpg 800w, https:\/\/resinum.eu\/wp-content\/uploads\/2024\/05\/PearlEx-kategoria.jpg 1000w\" sizes=\"auto, (max-width:767px) 300px, 300px\" \/><\/a>\n\t\t\t\t<\/dt><\/div><\/dl><dl class='gallery-item'  data-title='PX-GumArabic-envelope_Joi-Hunt_web' data-description=''><div class='gallery-item-wrapper'>\n\t\t\t\t<dt class='gallery-icon portrait'>\n\t\t\t\t\t<a href='https:\/\/resinum.eu\/wp-content\/uploads\/2024\/05\/PX-GumArabic-envelope_Joi-Hunt_web.jpg'><img loading=\"lazy\" decoding=\"async\" width=\"260\" height=\"300\" src=\"https:\/\/resinum.eu\/wp-content\/uploads\/2024\/05\/PX-GumArabic-envelope_Joi-Hunt_web-260x300.jpg\" class=\"attachment-thumbnail size-thumbnail\" alt=\"\" srcset=\"https:\/\/resinum.eu\/wp-content\/uploads\/2024\/05\/PX-GumArabic-envelope_Joi-Hunt_web-260x300.jpg 260w, https:\/\/resinum.eu\/wp-content\/uploads\/2024\/05\/PX-GumArabic-envelope_Joi-Hunt_web-433x500.jpg 433w, https:\/\/resinum.eu\/wp-content\/uploads\/2024\/05\/PX-GumArabic-envelope_Joi-Hunt_web-65x75.jpg 65w, https:\/\/resinum.eu\/wp-content\/uploads\/2024\/05\/PX-GumArabic-envelope_Joi-Hunt_web-480x555.jpg 480w, https:\/\/resinum.eu\/wp-content\/uploads\/2024\/05\/PX-GumArabic-envelope_Joi-Hunt_web.jpg 750w\" sizes=\"auto, (max-width:767px) 260px, 260px\" \/><\/a>\n\t\t\t\t<\/dt><\/div><\/dl><dl class='gallery-item'  data-title='PX-x5-with-Resin-4_Annie-Morcos' data-description=''><div class='gallery-item-wrapper'>\n\t\t\t\t<dt class='gallery-icon portrait'>\n\t\t\t\t\t<a href='https:\/\/resinum.eu\/wp-content\/uploads\/2024\/05\/PX-x5-with-Resin-4_Annie-Morcos.jpg'><img loading=\"lazy\" decoding=\"async\" width=\"280\" height=\"300\" src=\"https:\/\/resinum.eu\/wp-content\/uploads\/2024\/05\/PX-x5-with-Resin-4_Annie-Morcos-280x300.jpg\" class=\"attachment-thumbnail size-thumbnail\" alt=\"\" srcset=\"https:\/\/resinum.eu\/wp-content\/uploads\/2024\/05\/PX-x5-with-Resin-4_Annie-Morcos-280x300.jpg 280w, https:\/\/resinum.eu\/wp-content\/uploads\/2024\/05\/PX-x5-with-Resin-4_Annie-Morcos-467x500.jpg 467w, https:\/\/resinum.eu\/wp-content\/uploads\/2024\/05\/PX-x5-with-Resin-4_Annie-Morcos-768x822.jpg 768w, https:\/\/resinum.eu\/wp-content\/uploads\/2024\/05\/PX-x5-with-Resin-4_Annie-Morcos-70x75.jpg 70w, https:\/\/resinum.eu\/wp-content\/uploads\/2024\/05\/PX-x5-with-Resin-4_Annie-Morcos-480x514.jpg 480w, https:\/\/resinum.eu\/wp-content\/uploads\/2024\/05\/PX-x5-with-Resin-4_Annie-Morcos.jpg 777w\" sizes=\"auto, (max-width:767px) 280px, 280px\" \/><\/a>\n\t\t\t\t<\/dt><\/div><\/dl><dl class='gallery-item'  data-title='Pearl Ex octopus resin casting by Michelle Timms' data-description=''><div class='gallery-item-wrapper'>\n\t\t\t\t<dt class='gallery-icon landscape'>\n\t\t\t\t\t<a href='https:\/\/resinum.eu\/wp-content\/uploads\/2024\/05\/Pearl-Ex-octopus-resin-casting-by-Michelle-Timms.jpg'><img loading=\"lazy\" decoding=\"async\" width=\"300\" height=\"199\" src=\"https:\/\/resinum.eu\/wp-content\/uploads\/2024\/05\/Pearl-Ex-octopus-resin-casting-by-Michelle-Timms-300x199.jpg\" class=\"attachment-thumbnail size-thumbnail\" alt=\"\" srcset=\"https:\/\/resinum.eu\/wp-content\/uploads\/2024\/05\/Pearl-Ex-octopus-resin-casting-by-Michelle-Timms-300x199.jpg 300w, https:\/\/resinum.eu\/wp-content\/uploads\/2024\/05\/Pearl-Ex-octopus-resin-casting-by-Michelle-Timms-500x332.jpg 500w, https:\/\/resinum.eu\/wp-content\/uploads\/2024\/05\/Pearl-Ex-octopus-resin-casting-by-Michelle-Timms-1200x798.jpg 1200w, https:\/\/resinum.eu\/wp-content\/uploads\/2024\/05\/Pearl-Ex-octopus-resin-casting-by-Michelle-Timms-768x511.jpg 768w, https:\/\/resinum.eu\/wp-content\/uploads\/2024\/05\/Pearl-Ex-octopus-resin-casting-by-Michelle-Timms-113x75.jpg 113w, https:\/\/resinum.eu\/wp-content\/uploads\/2024\/05\/Pearl-Ex-octopus-resin-casting-by-Michelle-Timms-480x319.jpg 480w, https:\/\/resinum.eu\/wp-content\/uploads\/2024\/05\/Pearl-Ex-octopus-resin-casting-by-Michelle-Timms-800x532.jpg 800w, https:\/\/resinum.eu\/wp-content\/uploads\/2024\/05\/Pearl-Ex-octopus-resin-casting-by-Michelle-Timms.jpg 1202w\" sizes=\"auto, (max-width:767px) 300px, 300px\" \/><\/a>\n\t\t\t\t<\/dt><\/div><\/dl><dl class='gallery-item'  data-title='Clay mask embellished with Pearl Ex' data-description=''><div class='gallery-item-wrapper'>\n\t\t\t\t<dt class='gallery-icon landscape'>\n\t\t\t\t\t<a href='https:\/\/resinum.eu\/wp-content\/uploads\/2024\/05\/Clay-mask-embellished-with-Pearl-Ex.jpg'><img loading=\"lazy\" decoding=\"async\" width=\"300\" height=\"196\" src=\"https:\/\/resinum.eu\/wp-content\/uploads\/2024\/05\/Clay-mask-embellished-with-Pearl-Ex-300x196.jpg\" class=\"attachment-thumbnail size-thumbnail\" alt=\"\" srcset=\"https:\/\/resinum.eu\/wp-content\/uploads\/2024\/05\/Clay-mask-embellished-with-Pearl-Ex-300x196.jpg 300w, https:\/\/resinum.eu\/wp-content\/uploads\/2024\/05\/Clay-mask-embellished-with-Pearl-Ex-500x326.jpg 500w, https:\/\/resinum.eu\/wp-content\/uploads\/2024\/05\/Clay-mask-embellished-with-Pearl-Ex-1200x782.jpg 1200w, https:\/\/resinum.eu\/wp-content\/uploads\/2024\/05\/Clay-mask-embellished-with-Pearl-Ex-768x501.jpg 768w, https:\/\/resinum.eu\/wp-content\/uploads\/2024\/05\/Clay-mask-embellished-with-Pearl-Ex-115x75.jpg 115w, https:\/\/resinum.eu\/wp-content\/uploads\/2024\/05\/Clay-mask-embellished-with-Pearl-Ex-480x313.jpg 480w, https:\/\/resinum.eu\/wp-content\/uploads\/2024\/05\/Clay-mask-embellished-with-Pearl-Ex-800x522.jpg 800w, https:\/\/resinum.eu\/wp-content\/uploads\/2024\/05\/Clay-mask-embellished-with-Pearl-Ex.jpg 1253w\" sizes=\"auto, (max-width:767px) 300px, 300px\" \/><\/a>\n\t\t\t\t<\/dt><\/div><\/dl><br style=\"clear: both\" \/><dl class='gallery-item'  data-title='Pearl Ex toasters' data-description=''><div class='gallery-item-wrapper'>\n\t\t\t\t<dt class='gallery-icon landscape'>\n\t\t\t\t\t<a href='https:\/\/resinum.eu\/wp-content\/uploads\/2024\/05\/Pearl-Ex-toasters.jpg'><img loading=\"lazy\" decoding=\"async\" width=\"300\" height=\"177\" src=\"https:\/\/resinum.eu\/wp-content\/uploads\/2024\/05\/Pearl-Ex-toasters-300x177.jpg\" class=\"attachment-thumbnail size-thumbnail\" alt=\"\" srcset=\"https:\/\/resinum.eu\/wp-content\/uploads\/2024\/05\/Pearl-Ex-toasters-300x177.jpg 300w, https:\/\/resinum.eu\/wp-content\/uploads\/2024\/05\/Pearl-Ex-toasters-500x296.jpg 500w, https:\/\/resinum.eu\/wp-content\/uploads\/2024\/05\/Pearl-Ex-toasters-1200x710.jpg 1200w, https:\/\/resinum.eu\/wp-content\/uploads\/2024\/05\/Pearl-Ex-toasters-768x454.jpg 768w, https:\/\/resinum.eu\/wp-content\/uploads\/2024\/05\/Pearl-Ex-toasters-127x75.jpg 127w, https:\/\/resinum.eu\/wp-content\/uploads\/2024\/05\/Pearl-Ex-toasters-480x284.jpg 480w, https:\/\/resinum.eu\/wp-content\/uploads\/2024\/05\/Pearl-Ex-toasters-800x473.jpg 800w, https:\/\/resinum.eu\/wp-content\/uploads\/2024\/05\/Pearl-Ex-toasters.jpg 1381w\" sizes=\"auto, (max-width:767px) 300px, 300px\" \/><\/a>\n\t\t\t\t<\/dt><\/div><\/dl><dl class='gallery-item'  data-title='Resin and Pearl Ex tumbler by Jessica Jewell' data-description=''><div class='gallery-item-wrapper'>\n\t\t\t\t<dt class='gallery-icon portrait'>\n\t\t\t\t\t<a href='https:\/\/resinum.eu\/wp-content\/uploads\/2024\/05\/Resin-and-Pearl-Ex-tumbler-by-Jessica-Jewell.jpg'><img loading=\"lazy\" decoding=\"async\" width=\"263\" height=\"300\" src=\"https:\/\/resinum.eu\/wp-content\/uploads\/2024\/05\/Resin-and-Pearl-Ex-tumbler-by-Jessica-Jewell-263x300.jpg\" class=\"attachment-thumbnail size-thumbnail\" alt=\"\" srcset=\"https:\/\/resinum.eu\/wp-content\/uploads\/2024\/05\/Resin-and-Pearl-Ex-tumbler-by-Jessica-Jewell-263x300.jpg 263w, https:\/\/resinum.eu\/wp-content\/uploads\/2024\/05\/Resin-and-Pearl-Ex-tumbler-by-Jessica-Jewell-438x500.jpg 438w, https:\/\/resinum.eu\/wp-content\/uploads\/2024\/05\/Resin-and-Pearl-Ex-tumbler-by-Jessica-Jewell-66x75.jpg 66w, https:\/\/resinum.eu\/wp-content\/uploads\/2024\/05\/Resin-and-Pearl-Ex-tumbler-by-Jessica-Jewell-480x547.jpg 480w, https:\/\/resinum.eu\/wp-content\/uploads\/2024\/05\/Resin-and-Pearl-Ex-tumbler-by-Jessica-Jewell.jpg 726w\" sizes=\"auto, (max-width:767px) 263px, 263px\" \/><\/a>\n\t\t\t\t<\/dt><\/div><\/dl><dl class='gallery-item'  data-title='PX_Peacock-Feather_Myriam-Zamor_Myriams-Nature_web' data-description=''><div class='gallery-item-wrapper'>\n\t\t\t\t<dt class='gallery-icon portrait'>\n\t\t\t\t\t<a href='https:\/\/resinum.eu\/wp-content\/uploads\/2024\/05\/PX_Peacock-Feather_Myriam-Zamor_Myriams-Nature_web.jpg'><img loading=\"lazy\" decoding=\"async\" width=\"200\" height=\"300\" src=\"https:\/\/resinum.eu\/wp-content\/uploads\/2024\/05\/PX_Peacock-Feather_Myriam-Zamor_Myriams-Nature_web-200x300.jpg\" class=\"attachment-thumbnail size-thumbnail\" alt=\"\" srcset=\"https:\/\/resinum.eu\/wp-content\/uploads\/2024\/05\/PX_Peacock-Feather_Myriam-Zamor_Myriams-Nature_web-200x300.jpg 200w, https:\/\/resinum.eu\/wp-content\/uploads\/2024\/05\/PX_Peacock-Feather_Myriam-Zamor_Myriams-Nature_web-333x500.jpg 333w, https:\/\/resinum.eu\/wp-content\/uploads\/2024\/05\/PX_Peacock-Feather_Myriam-Zamor_Myriams-Nature_web-50x75.jpg 50w, https:\/\/resinum.eu\/wp-content\/uploads\/2024\/05\/PX_Peacock-Feather_Myriam-Zamor_Myriams-Nature_web-480x720.jpg 480w, https:\/\/resinum.eu\/wp-content\/uploads\/2024\/05\/PX_Peacock-Feather_Myriam-Zamor_Myriams-Nature_web.jpg 750w\" sizes=\"auto, (max-width:767px) 200px, 200px\" \/><\/a>\n\t\t\t\t<\/dt><\/div><\/dl><dl class='gallery-item'  data-title='Pearlex-democolors' data-description=''><div class='gallery-item-wrapper'>\n\t\t\t\t<dt class='gallery-icon landscape'>\n\t\t\t\t\t<a href='https:\/\/resinum.eu\/wp-content\/uploads\/2024\/05\/Pearlex-democolors.jpg'><img loading=\"lazy\" decoding=\"async\" width=\"300\" height=\"142\" src=\"https:\/\/resinum.eu\/wp-content\/uploads\/2024\/05\/Pearlex-democolors-300x142.jpg\" class=\"attachment-thumbnail size-thumbnail\" alt=\"\" srcset=\"https:\/\/resinum.eu\/wp-content\/uploads\/2024\/05\/Pearlex-democolors-300x142.jpg 300w, https:\/\/resinum.eu\/wp-content\/uploads\/2024\/05\/Pearlex-democolors-500x237.jpg 500w, https:\/\/resinum.eu\/wp-content\/uploads\/2024\/05\/Pearlex-democolors-768x364.jpg 768w, https:\/\/resinum.eu\/wp-content\/uploads\/2024\/05\/Pearlex-democolors-150x71.jpg 150w, https:\/\/resinum.eu\/wp-content\/uploads\/2024\/05\/Pearlex-democolors-480x227.jpg 480w, https:\/\/resinum.eu\/wp-content\/uploads\/2024\/05\/Pearlex-democolors-800x379.jpg 800w, https:\/\/resinum.eu\/wp-content\/uploads\/2024\/05\/Pearlex-democolors.jpg 1200w\" sizes=\"auto, (max-width:767px) 300px, 300px\" \/><\/a>\n\t\t\t\t<\/dt><\/div><\/dl>\n\t\t\t\t<br style='clear: both' \/>\n\t\t\t<\/div>\n\n<p>&nbsp;<\/p>\n","protected":false},"excerpt":{"rendered":"<p>Dodaj efekt per\u0142owy do swojego projektu za pomoc\u0105 Jacquard Pearl Ex &#8211; pigment\u00f3w pudrowych. Wykonany z proszku miki, jest idealny do mieszania ze wszystkimi \u017cywicami epoksydowymi.<\/p>\n","protected":false},"featured_media":3269,"comment_status":"closed","ping_status":"closed","template":"","meta":[],"product_brand":[],"product_cat":[101],"product_tag":[],"class_list":{"0":"post-3217","1":"product","2":"type-product","3":"status-publish","4":"has-post-thumbnail","6":"product_cat-pigmenty-metaliczne-i-perlowe","7":"tm-has-options","9":"first","10":"instock","11":"taxable","12":"shipping-taxable","13":"purchasable","14":"product-type-simple"},"bundled_by":[],"bundle_stock_status":"instock","bundle_stock_quantity":2,"bundle_virtual":false,"bundle_layout":"","bundle_add_to_cart_form_location":"","bundle_editable_in_cart":false,"bundle_sold_individually_context":"","bundle_item_grouping":"","bundle_min_size":"","bundle_max_size":"","bundle_price":[],"bundled_items":[],"bundle_sell_ids":[],"_links":{"self":[{"href":"https:\/\/resinum.eu\/pl\/wp-json\/wp\/v2\/product\/3217","targetHints":{"allow":["GET"]}}],"collection":[{"href":"https:\/\/resinum.eu\/pl\/wp-json\/wp\/v2\/product"}],"about":[{"href":"https:\/\/resinum.eu\/pl\/wp-json\/wp\/v2\/types\/product"}],"replies":[{"embeddable":true,"href":"https:\/\/resinum.eu\/pl\/wp-json\/wp\/v2\/comments?post=3217"}],"wp:featuredmedia":[{"embeddable":true,"href":"https:\/\/resinum.eu\/pl\/wp-json\/wp\/v2\/media\/3269"}],"wp:attachment":[{"href":"https:\/\/resinum.eu\/pl\/wp-json\/wp\/v2\/media?parent=3217"}],"wp:term":[{"taxonomy":"product_brand","embeddable":true,"href":"https:\/\/resinum.eu\/pl\/wp-json\/wp\/v2\/product_brand?post=3217"},{"taxonomy":"product_cat","embeddable":true,"href":"https:\/\/resinum.eu\/pl\/wp-json\/wp\/v2\/product_cat?post=3217"},{"taxonomy":"product_tag","embeddable":true,"href":"https:\/\/resinum.eu\/pl\/wp-json\/wp\/v2\/product_tag?post=3217"}],"curies":[{"name":"wp","href":"https:\/\/api.w.org\/{rel}","templated":true}]}}