{"id":2230,"date":"2024-03-08T01:09:34","date_gmt":"2024-03-08T01:09:34","guid":{"rendered":"https:\/\/resinum.eu\/shop\/bez-kategorii\/hdpe-reusable-epoxy-resin-form-47cm-x-11cm-x-3cm\/"},"modified":"2024-07-06T10:50:47","modified_gmt":"2024-07-06T10:50:47","slug":"forma-wielokrotnego-uzytku-do-odlewow-resinum-hdpe-47cm-x-11cm-x-3cm","status":"publish","type":"product","link":"https:\/\/resinum.eu\/pl\/shop\/formy-do-zywicy\/forma-wielokrotnego-uzytku-do-odlewow-resinum-hdpe-47cm-x-11cm-x-3cm\/","title":{"rendered":"Forma wielokrotnego u\u017cytku do odlew\u00f3w Resinum HDPE 47cm x 11cm x 3cm"},"content":{"rendered":"<p>.<\/p>\n","protected":false},"excerpt":{"rendered":"<p>Innowacyjna forma Resinum HDPE! Wyposa\u017cona we wbudowane uszczelki i solidne gwintowane wk\u0142adki, eliminuje potrzeb\u0119 czyszczenia i uszczelniania mi\u0119dzy nalewaniem. Zanurz si\u0119 w tworzeniu dzie\u0142 z \u017cywicy bez wysi\u0142ku, bez lepkiego ba\u0142aganu i obaw o wyczerpanie innych uszczelniaczy.<\/p>\n","protected":false},"featured_media":2228,"comment_status":"open","ping_status":"closed","template":"","meta":[],"product_brand":[],"product_cat":[105],"product_tag":[],"class_list":{"0":"post-2230","1":"product","2":"type-product","3":"status-publish","4":"has-post-thumbnail","6":"product_cat-formy-do-zywicy","7":"tm-has-options","9":"first","10":"instock","11":"taxable","12":"shipping-taxable","13":"purchasable","14":"product-type-simple"},"bundled_by":[],"bundle_stock_status":"instock","bundle_stock_quantity":null,"bundle_virtual":false,"bundle_layout":"","bundle_add_to_cart_form_location":"","bundle_editable_in_cart":false,"bundle_sold_individually_context":"","bundle_item_grouping":"","bundle_min_size":"","bundle_max_size":"","bundle_price":[],"bundled_items":[],"bundle_sell_ids":[],"_links":{"self":[{"href":"https:\/\/resinum.eu\/pl\/wp-json\/wp\/v2\/product\/2230","targetHints":{"allow":["GET"]}}],"collection":[{"href":"https:\/\/resinum.eu\/pl\/wp-json\/wp\/v2\/product"}],"about":[{"href":"https:\/\/resinum.eu\/pl\/wp-json\/wp\/v2\/types\/product"}],"replies":[{"embeddable":true,"href":"https:\/\/resinum.eu\/pl\/wp-json\/wp\/v2\/comments?post=2230"}],"wp:featuredmedia":[{"embeddable":true,"href":"https:\/\/resinum.eu\/pl\/wp-json\/wp\/v2\/media\/2228"}],"wp:attachment":[{"href":"https:\/\/resinum.eu\/pl\/wp-json\/wp\/v2\/media?parent=2230"}],"wp:term":[{"taxonomy":"product_brand","embeddable":true,"href":"https:\/\/resinum.eu\/pl\/wp-json\/wp\/v2\/product_brand?post=2230"},{"taxonomy":"product_cat","embeddable":true,"href":"https:\/\/resinum.eu\/pl\/wp-json\/wp\/v2\/product_cat?post=2230"},{"taxonomy":"product_tag","embeddable":true,"href":"https:\/\/resinum.eu\/pl\/wp-json\/wp\/v2\/product_tag?post=2230"}],"curies":[{"name":"wp","href":"https:\/\/api.w.org\/{rel}","templated":true}]}}