{"id":2176,"date":"2024-03-10T16:25:50","date_gmt":"2024-03-10T16:25:50","guid":{"rendered":"https:\/\/resinum.eu\/shop\/bez-kategorii\/stabilizer-uv-for-epoxy-resin-20gr\/"},"modified":"2024-04-09T23:26:27","modified_gmt":"2024-04-09T23:26:27","slug":"stabilizator-uv-do-zywicy-epoksydowej-20gr","status":"publish","type":"product","link":"https:\/\/resinum.eu\/pl\/shop\/stabilizator-uv\/stabilizator-uv-do-zywicy-epoksydowej-20gr\/","title":{"rendered":"Stabilizator UV do \u017cywicy epoksydowej 20gr"},"content":{"rendered":"<p><strong>Stabilizator UV &#8211; przeznaczenie<\/strong><\/p>\n<p>\u017bywica epoksydowa to doskona\u0142y materia\u0142 do wielu prac. Utwardzacz dodawany do \u017cywicy epoksydowej jest g\u0142\u00f3wnym sk\u0142adnikiem definiuj\u0105cym odporno\u015b\u0107 na \u017c\u00f3\u0142kni\u0119cie.<\/p>\n<p>Utwardzacz do naszych \u017cywic posiada bardzo dobr\u0105 odporno\u015b\u0107 na promieniowanie UV.\u00a0 Zalecamy jednak u\u017cycie stabilizatora UV &#8211; zw\u0142aszcza przy projektach z \u017cywic\u0105 do u\u017cytku na zewn\u0105trz poniewa\u017c przy d\u0142u\u017cszym dzia\u0142aniu promienuiowania UV na \u017cywice mo\u017ce ona <strong>\u017c\u00f3\u0142kn\u0105\u0107 i traci\u0107 wodoszczelno\u015b\u0107<\/strong>.<\/p>\n<p>Dzi\u0119ki dedykowanemu <strong>stabilizatorowi UV (bloker UV)<\/strong> mo\u017cemy <strong>zapobiec \u017c\u00f3\u0142kni\u0119ciu i zanikowi wodoszczelno\u015bci.<\/strong><\/p>\n<p>Wystarczy doda\u0107 <strong>1% stabilizatora UV<\/strong> do mieszanki \u017cywicy i utwardzacza aby znacznie <strong>zwi\u0119kszy\u0107 jej odporno\u015b\u0107<\/strong> na niekorzystne warunki lub doda\u0107 stabilizator UV do \u017cywicy a po wymieszaniu doda\u0107 utwardzacz.<\/p>\n<p>Stabilizator UV nie wp\u0142ywa na kolor czy transparentno\u015b\u0107 \u017cywicy.<\/p>\n<p>Za pomoc\u0105 do\u0142\u0105czonej strzykawki mo\u017cna \u0142atwo i dok\u0142adnie dozowa\u0107 stabilizator.<\/p>\n<p style=\"text-align: center;\"><strong>Typowe \u017c\u00f3\u0142kni\u0119cie \u017cywicy w \u015bwietle s\u0142onecznym po ok 6 miesi\u0105cach<\/strong><\/p>\n<p>&nbsp;<\/p>\n<table class=\"aligncenter\">\n<thead>\n<tr>\n<th style=\"text-align: center;\"><div class=\"before_after twentytwenty-container\" data-before=\"Before\" data-after=\"After\"><img loading=\"lazy\" decoding=\"async\" width=\"900\" height=\"341\" src=\"https:\/\/resinum.eu\/wp-content\/uploads\/2024\/03\/before900.jpg\" class=\"attachment-full size-full\" alt=\"\" srcset=\"https:\/\/resinum.eu\/wp-content\/uploads\/2024\/03\/before900.jpg 900w, https:\/\/resinum.eu\/wp-content\/uploads\/2024\/03\/before900-500x189.jpg 500w, https:\/\/resinum.eu\/wp-content\/uploads\/2024\/03\/before900-300x114.jpg 300w, https:\/\/resinum.eu\/wp-content\/uploads\/2024\/03\/before900-768x291.jpg 768w, https:\/\/resinum.eu\/wp-content\/uploads\/2024\/03\/before900-150x57.jpg 150w, https:\/\/resinum.eu\/wp-content\/uploads\/2024\/03\/before900-480x182.jpg 480w, https:\/\/resinum.eu\/wp-content\/uploads\/2024\/03\/before900-800x303.jpg 800w\" sizes=\"auto, (max-width:767px) 700px, (max-width:900px) 100vw, 900px\" \/><img loading=\"lazy\" decoding=\"async\" width=\"900\" height=\"341\" src=\"https:\/\/resinum.eu\/wp-content\/uploads\/2024\/03\/after900.jpg\" class=\"attachment-full size-full\" alt=\"\" srcset=\"https:\/\/resinum.eu\/wp-content\/uploads\/2024\/03\/after900.jpg 900w, https:\/\/resinum.eu\/wp-content\/uploads\/2024\/03\/after900-500x189.jpg 500w, https:\/\/resinum.eu\/wp-content\/uploads\/2024\/03\/after900-300x114.jpg 300w, https:\/\/resinum.eu\/wp-content\/uploads\/2024\/03\/after900-768x291.jpg 768w, https:\/\/resinum.eu\/wp-content\/uploads\/2024\/03\/after900-150x57.jpg 150w, https:\/\/resinum.eu\/wp-content\/uploads\/2024\/03\/after900-480x182.jpg 480w, https:\/\/resinum.eu\/wp-content\/uploads\/2024\/03\/after900-800x303.jpg 800w\" sizes=\"auto, (max-width:767px) 700px, (max-width:900px) 100vw, 900px\" \/><\/div>\n<\/th>\n<\/tr>\n<\/thead>\n<\/table>\n<p>&nbsp;<\/p>\n<p>Dozowanie stabilizatora UV:<\/p>\n<ul>\n<li><strong>20 gram<\/strong> wystarcza na 1,5 kg \u017cywicy epoksydowej.<\/li>\n<li><strong>40 gram<\/strong> wystarcza na 3,0 kg \u017cywicy epoksydowej.<\/li>\n<li><strong>100 gram<\/strong> wystarcza na 7,5 kg \u017cywicy epoksydowej.<\/li>\n<li><strong>200 gram<\/strong> wystarcza na 15 kg \u017cywicy epoksydowej.<\/li>\n<\/ul>\n<p><b>Uwaga:<\/b> Stabilizator UV mo\u017ce krystalizowa\u0107 si\u0119 pod wp\u0142ywem zmian temperatury. Poprzez podgrzanie opakowania przed u\u017cyciem, substancja ponownie staje si\u0119 p\u0142ynna.<\/p>\n<p>Za pomoc\u0105 do\u0142\u0105czonej strzykawki mo\u017cna \u0142atwo i dok\u0142adnie dozowa\u0107: 1 cc r\u00f3wna si\u0119 1 gram.\u00a0Na przyk\u0142ad, je\u015bli zrobisz 300 gram\u00f3w mieszanki (\u017cywica i utwardzacz), dodaj 3 gramy (= 3 cc) stabilizatora UV do mieszaniny.<br \/>\nTrzymaj si\u0119 dozowania. Przedawkowanie powy\u017cej 2% mo\u017ce da\u0107 efekt \u017c\u00f3\u0142kni\u0119cia.<\/p>\n<p><strong>Termin przydatno\u015bci do u\u017cycia:<\/strong> Co najmniej 2 lata przy zamkni\u0119tym opakowaniu.<\/p>\n<p>Bloker UV mo\u017ce by\u0107 stosowany z rodzin\u0105 \u017cywic <strong><a href=\"https:\/\/resinum.eu\/pl\/kategoria-produktu\/zywica-epoksydowa\/\">FineR<\/a>.<\/strong><\/p>\n<h5>Pliki do pobrania<\/h5>\n<a class=\"button  button_left button_size_2\" href=\"https:\/\/resinum.eu\/wp-content\/uploads\/2024\/03\/UV_stabilizer-tech_data_sheet.pdf\"     style=\"background-color:#f7f7f7!important;color:#000000;\" target=\"_blank\"    title=\"\"><span class=\"button_icon\"><i class=\"icon-acrobat\"  style=\"color:#000000!important;\" aria-hidden=\"true\"><\/i><\/span><span class=\"button_label\"><strong>UV_stabilizer-tech_data_sheet.pdf<\/strong><\/span><\/a>\n\n<p>Potrzebujesz wi\u0119kszych ilo\u015bci stabilizatora UV &#8211; prosimy o kontakt z nami.<\/p>\n","protected":false},"excerpt":{"rendered":"<p>Najwy\u017cszej jako\u015bci stabilizator UV zwi\u0119ksza kilkukrotnie odporno\u015b\u0107 transparentnej \u017cywicy epoksydowej na promieniowanie UV i zapobiega jej \u017c\u00f3\u0142kni\u0119ciu.<br \/>\nZ powodzeniem mo\u017ce by\u0107 u\u017cywany z seri\u0105 \u017cywic <strong><a href=\"https:\/\/resinum.eu\/pl\/kategoria-produktu\/zywica-epoksydowa\/\">FineR<\/a>.<br \/>\n<\/strong><strong><span style=\"color: #ff9900;\"><i class=\"icon-truck-line\" style=\"\" aria-hidden=\"true\"><\/i><\/span> Dostawa z naszego magazynu!<br \/>\n<\/strong><strong><span style=\"color: #ff9900;\"><i class=\"icon-credit-card\" style=\"\" aria-hidden=\"true\"><\/i><\/span> MasterCard, VISA, PayPal, Google Pay, Apple Pay, przelew<\/strong><\/p>\n","protected":false},"featured_media":1746,"comment_status":"closed","ping_status":"closed","template":"","meta":[],"product_brand":[],"product_cat":[109,103],"product_tag":[],"class_list":{"0":"post-2176","1":"product","2":"type-product","3":"status-publish","4":"has-post-thumbnail","6":"product_cat-stabilizator-uv","7":"product_cat-zywica-epoksydowa","8":"tm-has-options","10":"first","11":"instock","12":"taxable","13":"shipping-taxable","14":"purchasable","15":"product-type-simple"},"bundled_by":[],"bundle_stock_status":"instock","bundle_stock_quantity":9896,"bundle_virtual":false,"bundle_layout":"","bundle_add_to_cart_form_location":"","bundle_editable_in_cart":false,"bundle_sold_individually_context":"","bundle_item_grouping":"","bundle_min_size":"","bundle_max_size":"","bundle_price":[],"bundled_items":[],"bundle_sell_ids":[],"_links":{"self":[{"href":"https:\/\/resinum.eu\/pl\/wp-json\/wp\/v2\/product\/2176","targetHints":{"allow":["GET"]}}],"collection":[{"href":"https:\/\/resinum.eu\/pl\/wp-json\/wp\/v2\/product"}],"about":[{"href":"https:\/\/resinum.eu\/pl\/wp-json\/wp\/v2\/types\/product"}],"replies":[{"embeddable":true,"href":"https:\/\/resinum.eu\/pl\/wp-json\/wp\/v2\/comments?post=2176"}],"wp:featuredmedia":[{"embeddable":true,"href":"https:\/\/resinum.eu\/pl\/wp-json\/wp\/v2\/media\/1746"}],"wp:attachment":[{"href":"https:\/\/resinum.eu\/pl\/wp-json\/wp\/v2\/media?parent=2176"}],"wp:term":[{"taxonomy":"product_brand","embeddable":true,"href":"https:\/\/resinum.eu\/pl\/wp-json\/wp\/v2\/product_brand?post=2176"},{"taxonomy":"product_cat","embeddable":true,"href":"https:\/\/resinum.eu\/pl\/wp-json\/wp\/v2\/product_cat?post=2176"},{"taxonomy":"product_tag","embeddable":true,"href":"https:\/\/resinum.eu\/pl\/wp-json\/wp\/v2\/product_tag?post=2176"}],"curies":[{"name":"wp","href":"https:\/\/api.w.org\/{rel}","templated":true}]}}