{"id":2167,"date":"2024-03-10T16:25:51","date_gmt":"2024-03-10T16:25:51","guid":{"rendered":"https:\/\/resinum.eu\/shop\/bez-kategorii\/finer-medium-casting-epoxy-resin-for-deep-pour-6-5kg\/"},"modified":"2024-07-21T09:08:27","modified_gmt":"2024-07-21T09:08:27","slug":"finer-medium-zywica-epoksydowa-do-glebokich-odlewow-6-5kg","status":"publish","type":"product","link":"https:\/\/resinum.eu\/pl\/shop\/zywica-epoksydowa\/finer-medium-zywica-epoksydowa-do-glebokich-odlewow-6-5kg\/","title":{"rendered":"FineR MEDIUM \u017cywica epoksydowa do g\u0142\u0119bokich odlew\u00f3w 6,5kg"},"content":{"rendered":"<p><b>&#8220;FineR MEDIUM &#8221; to wysokiej jako\u015bci \u017cywica epoksydowa<\/b> do sto\u0142\u00f3w oraz bardzo przejrzystych odlew\u00f3w. Umo\u017cliwia wylewanie du\u017cych odlew\u00f3w i dzi\u0119ki doskona\u0142emu uwalnianiu p\u0119cherzyk\u00f3w powietrza,<b> bardzo g\u0142adkiemu\u00a0utwardzaniu i krystalicznie czystej <\/b>przezroczysto\u015bci jest doskona\u0142a\u00a0\u017cywica do odlewania epoksydowych\u00a0<b>sto\u0142\u00f3w\u00a0typu &#8220;river table&#8221;<\/b> i g\u0142\u0119bokiego zalewania przedmiot\u00f3w.<\/p>\n<p>\u017bywica epoksydowa do odlewania jest idealna do zalewania wi\u0119kszych przedmiot\u00f3w takich jak figurki, kamienie, kruche przedmioty. \u017bywica ta mo\u017cne by\u0107 z powodzeniem stosowana do odlewania grubych warstw na blaty, blaty kuchenne, odlewania du\u017cych osobowo\u015bciowo obiekt\u00f3w. Ze wzgl\u0119du na powolne utwardzanie i d\u0142ugi czas pracy, wszelkie p\u0119cherzyki maja mo\u017cliwo\u015b\u0107 uwolnienia si\u0119. Dzi\u0119ki temu masz r\u00f3wnie\u017c czas na wprowadzenie zmian w projekcie w razie potrzeby.<\/p>\n<p>&nbsp;<\/p>\n<h5>Barwniki, \u015bwiec\u0105cy\u00a0proszek, pigmenty per\u0142owe i metaliczne, tusze<\/h5>\n<p>Nasza \u017cywica epoksydowa do sto\u0142\u00f3w <strong>&#8220;FineR MEDIUM &#8220;<\/strong> mo\u017ce by\u0107 \u0142atwo mieszana z wieloma ro\u017cnymi rodzajami pigment\u00f3w, barwnik\u00f3w, farb lub proszk\u00f3w. Mo\u017cesz miesza\u0107 kolory, aby uzyska\u0107 potrzebne barwy i odcienie. \u015awiec\u0105cy w ciemno\u015bci proszek mo\u017cne by\u0107 oczywi\u015bcie dodany dla uzyskania unikatowych efekt\u00f3w.<\/p>\n<p>Mo\u017cesz uzyska\u0107 wspaniale kolorowe efekty z o\u015bwietleniem z system\u00f3w LED &#8211; mo\u017cesz sprawdzi\u0107 nasze projekty stworzone z \u017cywicy <strong>&#8220;FineR MEDIUM &#8220;<\/strong> i o\u015bwietlenia LED.<\/p>\n<h5><\/h5>\n<h5>\u015awiec\u0105cy proszek i stabilizator UV<\/h5>\n<p><strong><a href=\"https:\/\/resinum.eu\/pl\/kategoria-produktu\/barwniki-i-pigmenty\/proszki-swiecace\/\">\u015awiec\u0105cy w ciemno\u015bci proszek<\/a><\/strong> mo\u017ce by\u0107 dodawany i <a href=\"https:\/\/resinum.eu\/pl\/kategoria-produktu\/barwniki-i-pigmenty\/proszki-swiecace\/\"><strong>jest dost\u0119pny<\/strong><\/a>. Zazwyczaj dla uzyskania najlepszego efektu \u015bwiecenia mo\u017cna u\u017cy\u0107 od 5% do 50% proszku lub barwnika. <strong>\u017bywice FineR maj\u0105<\/strong> dobr\u0105 ochron\u0119 przed promieniowaniem UV. Dla dodatkowej ochrony przed \u017c\u00f3\u0142kni\u0119ciem (zw\u0142aszcza przedmiot\u00f3w nara\u017conych na dzia\u0142anie bezpo\u015brednich promieni s\u0142onecznych) zalecamy dodanie <a href=\"https:\/\/resinum.eu\/pl\/shop\/zywica-epoksydowa\/stabilizator-uv-do-zywicy-epoksydowej-40gr\/\"><strong>stabilizatora UV do \u017cywicy epoksydowej.<\/strong><\/a><\/p>\n<h5><\/h5>\n<h5>Zalety \u017cywicy epoksydowej do g\u0142\u0119bokich odlew\u00f3w &#8220;FineR MEDIUM &#8220;:<\/h5>\n<ul>\n<li>Stosunek mieszania: <strong>100 (\u017cywica) :30 (utwardzacz)<\/strong><\/li>\n<li><strong>Utwardzacz w zestawie<\/strong><\/li>\n<li>Mo\u017cliwo\u015b\u0107 wykonywania g\u0142\u0119bokich odlew\u00f3w o grubo\u015bci do<strong> 5 cm na warstw\u0119 w 18C<\/strong><\/li>\n<li>Bardzo przejrzysty wynik ko\u0144cowy<\/li>\n<li>Niezwykle klarowne odlewy<\/li>\n<li>D\u0142ugi czas przetwarzania<\/li>\n<li>Bardzo dobra impregnacja dzi\u0119ki niskiej lepko\u015bci<\/li>\n<li>Nie niszczy dolnych warstw farby<\/li>\n<li>Bardzo dobra odporno\u015b\u0107 na promieniowanie UV. Mo\u017ce by\u0107 jeszcze bardziej chroniona dzi\u0119ki dodatkowej stabilizacji UV<\/li>\n<li>Do u\u017cycia na zewn\u0105trz bez efektu &#8220;\u017c\u00f3\u0142kni\u0119cia&#8221; z naszym stabilizatorem UV<\/li>\n<li>Pigmenty\/proszek\/tusze mog\u0105 by\u0107 \u0142atwo dodawane w celu uzyskania unikatowych efekt\u00f3w<\/li>\n<li>Mo\u017cna wyla\u0107 kilka warstw na siebie<\/li>\n<li>G\u0142adka, szklista powierzchnia<\/li>\n<li>Bardzo niska emisja ciep\u0142a<\/li>\n<li>Brak \/ ledwo wyczuwalny zapach. Neutralny zapach<\/li>\n<\/ul>\n<p>&nbsp;<\/p>\n<p>Przezroczysta \u017cywica epoksydowa do g\u0142\u0119bokich odlew\u00f3w jest idealna do nast\u0119puj\u0105cych zastosowa\u0144:<\/p>\n<ul>\n<li>Du\u017ce i g\u0142\u0119bokie obszary zalewania, takie jak sto\u0142y &#8220;river tables&#8221;, zalewanie przedmiot\u00f3w, formy<\/li>\n<li>Pow\u0142oka powierzchniowa do sto\u0142\u00f3w, pod\u0142\u00f3g, drewna, betonu<\/li>\n<li>Idealna do &#8220;resin art&#8221; &#8211; sztuki z u\u017cyciem \u017cywicy<\/li>\n<li>Prace typu &#8220;zr\u00f3b to sam&#8221; &#8211; DIY<\/li>\n<li>Naprawa \u0142odzi<\/li>\n<li>Do stosowania z w\u0142\u00f3knem szklanym, w\u0142\u00f3knem w\u0119glowym<\/li>\n<\/ul>\n<p>&nbsp;<\/p>\n\n\t\t\t<style type='text\/css'>\n\t\t\t\t#sc_gallery-1 {\n\t\t\t\t\tmargin: auto;\n\t\t\t\t}\n\t\t\t\t#sc_gallery-1 .gallery-item {\n\t\t\t\t\tfloat: left;\n\t\t\t\t\ttext-align: center;\n\t\t\t\t\twidth: 24.99%;\n\t\t\t\t}\n\t\t\t\t#sc_gallery-1 img {\n\t\t\t\t\tborder: 2px solid #cfcfcf;\n\t\t\t\t}\n\t\t\t\t\/* see sc_gallery() in functions\/theme-shortcodes.php *\/\n\t\t\t<\/style>\n\t\t<div id='sc_gallery-1' class='gallery galleryid-2167 gallery-columns-4 gallery-size-thumbnail file element_classes gallery-default'><dl class='gallery-item'  data-title='finer-medium-set-1280.jpg' data-description=''><div class='gallery-item-wrapper'>\n\t\t\t\t<dt class='gallery-icon landscape'>\n\t\t\t\t\t<a href='https:\/\/resinum.eu\/wp-content\/uploads\/2024\/03\/finer-medium-set-1280.jpg'><img loading=\"lazy\" decoding=\"async\" width=\"300\" height=\"228\" src=\"https:\/\/resinum.eu\/wp-content\/uploads\/2024\/03\/finer-medium-set-1280-300x228.jpg\" class=\"attachment-thumbnail size-thumbnail\" alt=\"\" srcset=\"https:\/\/resinum.eu\/wp-content\/uploads\/2024\/03\/finer-medium-set-1280-300x228.jpg 300w, https:\/\/resinum.eu\/wp-content\/uploads\/2024\/03\/finer-medium-set-1280-500x379.jpg 500w, https:\/\/resinum.eu\/wp-content\/uploads\/2024\/03\/finer-medium-set-1280-1200x910.jpg 1200w, https:\/\/resinum.eu\/wp-content\/uploads\/2024\/03\/finer-medium-set-1280-768x583.jpg 768w, https:\/\/resinum.eu\/wp-content\/uploads\/2024\/03\/finer-medium-set-1280-99x75.jpg 99w, https:\/\/resinum.eu\/wp-content\/uploads\/2024\/03\/finer-medium-set-1280-480x364.jpg 480w, https:\/\/resinum.eu\/wp-content\/uploads\/2024\/03\/finer-medium-set-1280-800x607.jpg 800w, https:\/\/resinum.eu\/wp-content\/uploads\/2024\/03\/finer-medium-set-1280.jpg 1280w\" sizes=\"auto, (max-width:767px) 300px, 300px\" \/><\/a>\n\t\t\t\t<\/dt><\/div><\/dl><dl class='gallery-item'  data-title='live-edge-resin-led21_watermark-3.jpg' data-description=''><div class='gallery-item-wrapper'>\n\t\t\t\t<dt class='gallery-icon landscape'>\n\t\t\t\t\t<a href='https:\/\/resinum.eu\/wp-content\/uploads\/2024\/03\/live-edge-resin-led21_watermark-3.jpg'><img loading=\"lazy\" decoding=\"async\" width=\"300\" height=\"225\" src=\"https:\/\/resinum.eu\/wp-content\/uploads\/2024\/03\/live-edge-resin-led21_watermark-3-300x225.jpg\" class=\"attachment-thumbnail size-thumbnail\" alt=\"\" srcset=\"https:\/\/resinum.eu\/wp-content\/uploads\/2024\/03\/live-edge-resin-led21_watermark-3-300x225.jpg 300w, https:\/\/resinum.eu\/wp-content\/uploads\/2024\/03\/live-edge-resin-led21_watermark-3-500x375.jpg 500w, https:\/\/resinum.eu\/wp-content\/uploads\/2024\/03\/live-edge-resin-led21_watermark-3-768x576.jpg 768w, https:\/\/resinum.eu\/wp-content\/uploads\/2024\/03\/live-edge-resin-led21_watermark-3-100x75.jpg 100w, https:\/\/resinum.eu\/wp-content\/uploads\/2024\/03\/live-edge-resin-led21_watermark-3-480x360.jpg 480w, https:\/\/resinum.eu\/wp-content\/uploads\/2024\/03\/live-edge-resin-led21_watermark-3-800x600.jpg 800w, https:\/\/resinum.eu\/wp-content\/uploads\/2024\/03\/live-edge-resin-led21_watermark-3.jpg 1024w\" sizes=\"auto, (max-width:767px) 300px, 300px\" \/><\/a>\n\t\t\t\t<\/dt><\/div><\/dl><dl class='gallery-item'  data-title='FineR-Uni-resin-art-50-1.jpg' data-description=''><div class='gallery-item-wrapper'>\n\t\t\t\t<dt class='gallery-icon landscape'>\n\t\t\t\t\t<a href='https:\/\/resinum.eu\/wp-content\/uploads\/2024\/03\/FineR-Uni-resin-art-50-1.jpg'><img loading=\"lazy\" decoding=\"async\" width=\"300\" height=\"260\" src=\"https:\/\/resinum.eu\/wp-content\/uploads\/2024\/03\/FineR-Uni-resin-art-50-1-300x260.jpg\" class=\"attachment-thumbnail size-thumbnail\" alt=\"\" srcset=\"https:\/\/resinum.eu\/wp-content\/uploads\/2024\/03\/FineR-Uni-resin-art-50-1-300x260.jpg 300w, https:\/\/resinum.eu\/wp-content\/uploads\/2024\/03\/FineR-Uni-resin-art-50-1-500x433.jpg 500w, https:\/\/resinum.eu\/wp-content\/uploads\/2024\/03\/FineR-Uni-resin-art-50-1-768x665.jpg 768w, https:\/\/resinum.eu\/wp-content\/uploads\/2024\/03\/FineR-Uni-resin-art-50-1-87x75.jpg 87w, https:\/\/resinum.eu\/wp-content\/uploads\/2024\/03\/FineR-Uni-resin-art-50-1-480x415.jpg 480w, https:\/\/resinum.eu\/wp-content\/uploads\/2024\/03\/FineR-Uni-resin-art-50-1-800x692.jpg 800w, https:\/\/resinum.eu\/wp-content\/uploads\/2024\/03\/FineR-Uni-resin-art-50-1.jpg 1024w\" sizes=\"auto, (max-width:767px) 300px, 300px\" \/><\/a>\n\t\t\t\t<\/dt><\/div><\/dl><dl class='gallery-item'  data-title='diningtablebench12-3.jpg' data-description=''><div class='gallery-item-wrapper'>\n\t\t\t\t<dt class='gallery-icon landscape'>\n\t\t\t\t\t<a href='https:\/\/resinum.eu\/wp-content\/uploads\/2024\/03\/diningtablebench12-3.jpg'><img loading=\"lazy\" decoding=\"async\" width=\"300\" height=\"225\" src=\"https:\/\/resinum.eu\/wp-content\/uploads\/2024\/03\/diningtablebench12-3-300x225.jpg\" class=\"attachment-thumbnail size-thumbnail\" alt=\"\" srcset=\"https:\/\/resinum.eu\/wp-content\/uploads\/2024\/03\/diningtablebench12-3-300x225.jpg 300w, https:\/\/resinum.eu\/wp-content\/uploads\/2024\/03\/diningtablebench12-3-500x375.jpg 500w, https:\/\/resinum.eu\/wp-content\/uploads\/2024\/03\/diningtablebench12-3-768x576.jpg 768w, https:\/\/resinum.eu\/wp-content\/uploads\/2024\/03\/diningtablebench12-3-100x75.jpg 100w, https:\/\/resinum.eu\/wp-content\/uploads\/2024\/03\/diningtablebench12-3-480x360.jpg 480w, https:\/\/resinum.eu\/wp-content\/uploads\/2024\/03\/diningtablebench12-3-800x600.jpg 800w, https:\/\/resinum.eu\/wp-content\/uploads\/2024\/03\/diningtablebench12-3.jpg 1024w\" sizes=\"auto, (max-width:767px) 300px, 300px\" \/><\/a>\n\t\t\t\t<\/dt><\/div><\/dl><br style=\"clear: both\" \/>\n\t\t\t<\/div>\n\n<p>&nbsp;<\/p>\n<h5><strong>Informacje techniczne\u00a0<\/strong><\/h5>\n<p>Ka\u017cdy zestaw \u017cywicy epoksydowej<strong> &#8220;FineR MEDIUM &#8220;<\/strong> sk\u0142ada si\u0119 z <strong>2 komponent\u00f3w: \u017cywicy i utwardzacza.<\/strong><\/p>\n<ul>\n<li><strong>Proporcja mieszania:<\/strong> <span style=\"color: #ff0000;\"><strong>100 (\u017cywica): 30 (utwardzacz)<\/strong><\/span> wymieszanych wagowo<\/li>\n<li><b>Maksymalna grubo\u015b\u0107\u00a0warstwy:<\/b> <span style=\"color: #ff0000;\"><strong>5 cm.<\/strong><\/span> D\u0142ugi proces utwardzania pozwala na odlewanie grubych warstw do 5 cm.<\/li>\n<li><strong>Minimalna temperatura obr\u00f3bki:<\/strong> 13 stopni Celsjusza. Im ni\u017csza temperatura procesu, tym d\u0142u\u017cszy czas utwardzania.<\/li>\n<li><strong>Czas obr\u00f3bki (pot life):<\/strong> ok. 30 godzin.<\/li>\n<li><strong>Sucha powierzchniowo:<\/strong> ok. 24-48 godzinach<\/li>\n<li><strong>Pe\u0142ne utwardzenie po:<\/strong> <strong>ok 5 dniach<\/strong><\/li>\n<li><b>Termin przydatno\u015bci\u00a0do u\u017cycia:<\/b> Co najmniej 12 miesi\u0119cy w zamkni\u0119tych pojemnikach w temperaturze otoczenia<\/li>\n<\/ul>\n<p>&nbsp;<\/p>\n<p>&nbsp;<\/p>\n<h5>Pliki do pobrania<\/h5>\n<h5 style=\"text-align: left;\"><\/h5>\n<a class=\"button  button_left button_size_2\" href=\"https:\/\/resinum.eu\/wp-content\/uploads\/2024\/03\/FineR_Medium_Resin_SDS_EN.pdf\"     style=\"background-color:#f7f7f7!important;color:#000000;\" target=\"_blank\"    title=\"\"><span class=\"button_icon\"><i class=\"icon-acrobat\"  style=\"color:#000000!important;\" aria-hidden=\"true\"><\/i><\/span><span class=\"button_label\"><strong>FineR_Medium_Resin_SDS_EN.pdf<\/strong><\/span><\/a>\n\n<p>&nbsp;<\/p>\n<a class=\"button  button_left button_size_2\" href=\"https:\/\/resinum.eu\/wp-content\/uploads\/2024\/03\/FineR_Medium_Hardener_SDS_EN.pdf\"     style=\"background-color:#f7f7f7!important;color:#000000;\" target=\"_blank\"    title=\"\"><span class=\"button_icon\"><i class=\"icon-acrobat\"  style=\"color:#000000!important;\" aria-hidden=\"true\"><\/i><\/span><span class=\"button_label\"><strong>FineR_Medium_Hardener_SDS_EN.pdf<\/strong><\/span><\/a>\n\n<p>&nbsp;<\/p>\n<p>Potrzebujesz wi\u0119kszych ilo\u015bci \u017cywicy epoksydowej &#8211; prosimy o kontakt z nami.<\/p>\n","protected":false},"excerpt":{"rendered":"<p>Chcesz zrobi\u0107 w\u0142asny st\u00f3\u0142 z \u017cywicy epoksydowej lub zala\u0107 du\u017ce przedmioty do <strong>5 cm<\/strong> na raz?<br \/>\nMo\u017cesz u\u017cy\u0107 \u017cywicy epoksydowej<strong> &#8220;FineR MEDIUM &#8221; do g\u0142\u0119bokich odlew\u00f3w.<br \/>\n<\/strong><strong><span style=\"color: #ff9900;\"><i class=\"icon-truck-line\" style=\"\" aria-hidden=\"true\"><\/i><\/span> Dostawa z naszego magazynu!<br \/>\n<\/strong><strong><span style=\"color: #ff9900;\"><i class=\"icon-credit-card\" style=\"\" aria-hidden=\"true\"><\/i><\/span> MasterCard, VISA, PayPal, Google Pay, Apple Pay, przelew<\/strong><\/p>\n","protected":false},"featured_media":1906,"comment_status":"closed","ping_status":"closed","template":"","meta":[],"product_brand":[],"product_cat":[103],"product_tag":[],"class_list":{"0":"post-2167","1":"product","2":"type-product","3":"status-publish","4":"has-post-thumbnail","6":"product_cat-zywica-epoksydowa","7":"tm-has-options","9":"first","10":"instock","11":"taxable","12":"shipping-taxable","13":"purchasable","14":"product-type-simple"},"bundled_by":[],"bundle_stock_status":"instock","bundle_stock_quantity":9807,"bundle_virtual":false,"bundle_layout":"","bundle_add_to_cart_form_location":"","bundle_editable_in_cart":false,"bundle_sold_individually_context":"","bundle_item_grouping":"","bundle_min_size":"","bundle_max_size":"","bundle_price":[],"bundled_items":[],"bundle_sell_ids":[],"_links":{"self":[{"href":"https:\/\/resinum.eu\/pl\/wp-json\/wp\/v2\/product\/2167","targetHints":{"allow":["GET"]}}],"collection":[{"href":"https:\/\/resinum.eu\/pl\/wp-json\/wp\/v2\/product"}],"about":[{"href":"https:\/\/resinum.eu\/pl\/wp-json\/wp\/v2\/types\/product"}],"replies":[{"embeddable":true,"href":"https:\/\/resinum.eu\/pl\/wp-json\/wp\/v2\/comments?post=2167"}],"wp:featuredmedia":[{"embeddable":true,"href":"https:\/\/resinum.eu\/pl\/wp-json\/wp\/v2\/media\/1906"}],"wp:attachment":[{"href":"https:\/\/resinum.eu\/pl\/wp-json\/wp\/v2\/media?parent=2167"}],"wp:term":[{"taxonomy":"product_brand","embeddable":true,"href":"https:\/\/resinum.eu\/pl\/wp-json\/wp\/v2\/product_brand?post=2167"},{"taxonomy":"product_cat","embeddable":true,"href":"https:\/\/resinum.eu\/pl\/wp-json\/wp\/v2\/product_cat?post=2167"},{"taxonomy":"product_tag","embeddable":true,"href":"https:\/\/resinum.eu\/pl\/wp-json\/wp\/v2\/product_tag?post=2167"}],"curies":[{"name":"wp","href":"https:\/\/api.w.org\/{rel}","templated":true}]}}